{"id":1898,"date":"2025-09-11T13:10:41","date_gmt":"2025-09-11T13:10:41","guid":{"rendered":"https:\/\/sincronis.com\/contacto\/"},"modified":"2025-12-12T14:14:08","modified_gmt":"2025-12-12T14:14:08","slug":"contacto","status":"publish","type":"page","link":"https:\/\/sincronis.com\/es\/contacto\/","title":{"rendered":"Contacto"},"content":{"rendered":"\t\t<div data-elementor-type=\"wp-page\" data-elementor-id=\"1898\" class=\"elementor elementor-1898 elementor-631\" data-elementor-post-type=\"page\">\n\t\t\t\t<div class=\"elementor-element elementor-element-c36a162 e-con-full e-flex e-con e-parent\" data-id=\"c36a162\" data-element_type=\"container\" data-e-type=\"container\" data-settings=\"{&quot;background_background&quot;:&quot;classic&quot;}\">\n\t\t<div class=\"elementor-element elementor-element-b2a7fd5 e-flex e-con-boxed e-con e-child\" data-id=\"b2a7fd5\" data-element_type=\"container\" data-e-type=\"container\">\n\t\t\t\t\t<div class=\"e-con-inner\">\n\t\t<div class=\"elementor-element elementor-element-8845eff e-con-full e-flex e-con e-child\" data-id=\"8845eff\" data-element_type=\"container\" data-e-type=\"container\">\n\t\t\t\t<div class=\"elementor-element elementor-element-0ba5726 elementor-widget elementor-widget-heading\" data-id=\"0ba5726\" data-element_type=\"widget\" data-e-type=\"widget\" data-widget_type=\"heading.default\">\n\t\t\t\t\t<h1 class=\"elementor-heading-title elementor-size-default\">Contacto<\/h1>\t\t\t\t<\/div>\n\t\t\t\t<div class=\"elementor-element elementor-element-1f2dab3 elementor-widget elementor-widget-heading\" data-id=\"1f2dab3\" data-element_type=\"widget\" data-e-type=\"widget\" data-widget_type=\"heading.default\">\n\t\t\t\t\t<h2 class=\"elementor-heading-title elementor-size-default\">Contacta con Sincronis: tu socio t\u00e9cnico en servicios biom\u00e9dicos<\/h2>\t\t\t\t<\/div>\n\t\t\t\t<div class=\"elementor-element elementor-element-5bf6ea9 elementor-widget__width-initial elementor-widget elementor-widget-text-editor\" data-id=\"5bf6ea9\" data-element_type=\"widget\" data-e-type=\"widget\" data-widget_type=\"text-editor.default\">\n\t\t\t\t\t\t\t\t\t<p>\u00bfNecesitas asistencia, asesoramiento o quieres conocer m\u00e1s sobre nuestros servicios?<br>Estamos aqu\u00ed para ayudarte con respuestas r\u00e1pidas, equipos cualificados y soluciones a medida para tus equipos biom\u00e9dicos.<\/p>\t\t\t\t\t\t\t\t<\/div>\n\t\t\t\t<\/div>\n\t\t<div class=\"elementor-element elementor-element-46652be e-con-full elementor-hidden-mobile elementor-hidden-tablet e-flex e-con e-child\" data-id=\"46652be\" data-element_type=\"container\" data-e-type=\"container\">\n\t\t\t\t<div class=\"elementor-element elementor-element-9af6026 elementor-absolute v elementor-widget elementor-widget-image\" data-id=\"9af6026\" data-element_type=\"widget\" data-e-type=\"widget\" data-settings=\"{&quot;_position&quot;:&quot;absolute&quot;}\" data-widget_type=\"image.default\">\n\t\t\t\t\t\t\t\t\t\t\t\t\t\t\t<img fetchpriority=\"high\" decoding=\"async\" width=\"1024\" height=\"740\" src=\"https:\/\/sincronis.com\/wp-content\/uploads\/2025\/10\/v-2048x1480-1-1024x740.png\" class=\"attachment-large size-large wp-image-1697\" alt=\"\" srcset=\"https:\/\/sincronis.com\/wp-content\/uploads\/2025\/10\/v-2048x1480-1-1024x740.png 1024w, https:\/\/sincronis.com\/wp-content\/uploads\/2025\/10\/v-2048x1480-1-300x217.png 300w, https:\/\/sincronis.com\/wp-content\/uploads\/2025\/10\/v-2048x1480-1-768x555.png 768w, https:\/\/sincronis.com\/wp-content\/uploads\/2025\/10\/v-2048x1480-1-1536x1110.png 1536w, https:\/\/sincronis.com\/wp-content\/uploads\/2025\/10\/v-2048x1480-1.png 2048w\" sizes=\"(max-width: 1024px) 100vw, 1024px\" \/>\t\t\t\t\t\t\t\t\t\t\t\t\t\t\t<\/div>\n\t\t\t\t<\/div>\n\t\t\t\t\t<\/div>\n\t\t\t\t<\/div>\n\t\t\t\t<\/div>\n\t\t<div class=\"elementor-element elementor-element-8d5e04e e-flex e-con-boxed e-con e-parent\" data-id=\"8d5e04e\" data-element_type=\"container\" data-e-type=\"container\">\n\t\t\t\t\t<div class=\"e-con-inner\">\n\t\t<div class=\"elementor-element elementor-element-3906623 e-con-full e-flex e-con e-child\" data-id=\"3906623\" data-element_type=\"container\" data-e-type=\"container\">\n\t\t\t\t<div class=\"elementor-element elementor-element-c461261 elementor-widget elementor-widget-htcontactform-addons\" data-id=\"c461261\" data-element_type=\"widget\" data-e-type=\"widget\" data-widget_type=\"htcontactform-addons.default\">\n\t\t\t\t<div class=\"elementor-widget-container\">\n\t\t\t\t\t            <div class=\"htcontact-form-wrapper\" >\n                \n<div class=\"wpcf7 no-js\" id=\"wpcf7-f2252-o1\" lang=\"es-ES\" dir=\"ltr\" data-wpcf7-id=\"2252\">\n<div class=\"screen-reader-response\"><p role=\"status\" aria-live=\"polite\" aria-atomic=\"true\"><\/p> <ul><\/ul><\/div>\n<form action=\"\/es\/wp-json\/wp\/v2\/pages\/1898#wpcf7-f2252-o1\" method=\"post\" class=\"wpcf7-form init\" aria-label=\"Formulario de contacto\" novalidate=\"novalidate\" data-status=\"init\">\n<fieldset class=\"hidden-fields-container\"><input type=\"hidden\" name=\"_wpcf7\" value=\"2252\" \/><input type=\"hidden\" name=\"_wpcf7_version\" value=\"6.1.5\" \/><input type=\"hidden\" name=\"_wpcf7_locale\" value=\"es_ES\" \/><input type=\"hidden\" name=\"_wpcf7_unit_tag\" value=\"wpcf7-f2252-o1\" \/><input type=\"hidden\" name=\"_wpcf7_container_post\" value=\"0\" \/><input type=\"hidden\" name=\"_wpcf7_posted_data_hash\" value=\"\" \/><input type=\"hidden\" name=\"_wpcf7_recaptcha_response\" value=\"\" \/>\n<\/fieldset>\n<p><label> <span class=\"wpcf7-form-control-wrap\" data-name=\"utente\"><select class=\"wpcf7-form-control wpcf7-select wpcf7-validates-as-required\" aria-required=\"true\" aria-invalid=\"false\" name=\"utente\"><option value=\"\">\u00bfC\u00f3mo podemos ayudarte?<\/option><option value=\"Asistencia t\u00e9cnica inmediata para dispositivos m\u00e9dicos\">Asistencia t\u00e9cnica inmediata para dispositivos m\u00e9dicos<\/option><option value=\"Presupuestos personalizados para mantenimiento y servicios certificados\">Presupuestos personalizados para mantenimiento y servicios certificados<\/option><option value=\"Consultor\u00eda especializada para hospitales, OEM y organismos p\u00fablicos\">Consultor\u00eda especializada para hospitales, OEM y organismos p\u00fablicos<\/option><option value=\"Solicitud de demostraciones t\u00e9cnicas o inspecciones in situ\">Solicitud de demostraciones t\u00e9cnicas o inspecciones in situ<\/option><option value=\"Seguimiento de proyectos en curso\">Seguimiento de proyectos en curso<\/option><\/select><\/span> <\/label>\n<\/p>\n<p><label> <span class=\"wpcf7-form-control-wrap\" data-name=\"your-name\"><input size=\"40\" maxlength=\"400\" class=\"wpcf7-form-control wpcf7-text wpcf7-validates-as-required\" aria-required=\"true\" aria-invalid=\"false\" placeholder=\"Nombre y apellido\" value=\"\" type=\"text\" name=\"your-name\" \/><\/span> <\/label>\n<\/p>\n<p><label> <span class=\"wpcf7-form-control-wrap\" data-name=\"your-email\"><input size=\"40\" maxlength=\"400\" class=\"wpcf7-form-control wpcf7-email wpcf7-validates-as-required wpcf7-text wpcf7-validates-as-email\" aria-required=\"true\" aria-invalid=\"false\" placeholder=\"Correo electr\u00f3nico\" value=\"\" type=\"email\" name=\"your-email\" \/><\/span> <\/label>\n<\/p>\n<p><label> <span class=\"wpcf7-form-control-wrap\" data-name=\"tel-862\"><input size=\"40\" maxlength=\"400\" class=\"wpcf7-form-control wpcf7-tel wpcf7-validates-as-required wpcf7-text wpcf7-validates-as-tel\" aria-required=\"true\" aria-invalid=\"false\" placeholder=\"Tel\u00e9fono\" value=\"\" type=\"tel\" name=\"tel-862\" \/><\/span> <\/label>\n<\/p>\n<p><label> <span class=\"wpcf7-form-control-wrap\" data-name=\"your-message\"><textarea cols=\"40\" rows=\"10\" maxlength=\"2000\" class=\"wpcf7-form-control wpcf7-textarea wpcf7-validates-as-required\" aria-required=\"true\" aria-invalid=\"false\" placeholder=\"Dejar un mensaje\" name=\"your-message\"><\/textarea><\/span> <\/label>\n<\/p>\n<p><span class=\"wpcf7-form-control-wrap\" data-name=\"your-consent\"><span class=\"wpcf7-form-control wpcf7-acceptance\"><span class=\"wpcf7-list-item\"><label><input type=\"checkbox\" name=\"your-consent\" value=\"1\" aria-invalid=\"false\" \/><span class=\"wpcf7-list-item-label\">He le\u00eddo y comprendido la informaci\u00f3n sobre <a href=\"https:\/\/www.iubenda.com\/privacy-policy\/74822817\">protecci\u00f3n de datos personales.<\/a><\/span><\/label><\/span><\/span><\/span>\n<\/p>\n<p><input class=\"wpcf7-form-control wpcf7-submit has-spinner\" type=\"submit\" value=\"Enviar\" \/>\n<\/p><div class=\"wpcf7-response-output\" aria-hidden=\"true\"><\/div>\n<\/form>\n<\/div>\n            <\/div>\n\n        \t\t\t\t<\/div>\n\t\t\t\t<\/div>\n\t\t\t\t<\/div>\n\t\t<div class=\"elementor-element elementor-element-f9f291a e-con-full e-flex e-con e-child\" data-id=\"f9f291a\" data-element_type=\"container\" data-e-type=\"container\">\n\t\t\t\t<div class=\"elementor-element elementor-element-507b8e0 elementor-widget elementor-widget-heading\" data-id=\"507b8e0\" data-element_type=\"widget\" data-e-type=\"widget\" data-widget_type=\"heading.default\">\n\t\t\t\t\t<h2 class=\"elementor-heading-title elementor-size-default\">Nuestros contactos<\/h2>\t\t\t\t<\/div>\n\t\t\t\t<div class=\"elementor-element elementor-element-ff2ee4c elementor-widget elementor-widget-text-editor\" data-id=\"ff2ee4c\" data-element_type=\"widget\" data-e-type=\"widget\" data-widget_type=\"text-editor.default\">\n\t\t\t\t\t\t\t\t\t<p><strong>Informazioni<\/strong><br>info@sincronis.com<br>sincronis@legalmail.it<br><br><\/p><p><strong>Soporte t\u00e9cnico<\/strong><br>assistenza@sincronis.com<\/p><p><strong><br><\/strong>Ventas<br>sales@sincronis.com<\/p>\t\t\t\t\t\t\t\t<\/div>\n\t\t\t\t<\/div>\n\t\t\t\t\t<\/div>\n\t\t\t\t<\/div>\n\t\t<div class=\"elementor-element elementor-element-802bfb8 e-flex e-con-boxed e-con e-parent\" data-id=\"802bfb8\" data-element_type=\"container\" data-e-type=\"container\">\n\t\t\t\t\t<div class=\"e-con-inner\">\n\t\t<div class=\"elementor-element elementor-element-216af6b e-con-full e-flex e-con e-child\" data-id=\"216af6b\" data-element_type=\"container\" data-e-type=\"container\">\n\t\t\t\t<div class=\"elementor-element elementor-element-ae01a84 elementor-align-start elementor-icon-list--layout-traditional elementor-list-item-link-full_width elementor-widget elementor-widget-icon-list\" data-id=\"ae01a84\" data-element_type=\"widget\" data-e-type=\"widget\" data-widget_type=\"icon-list.default\">\n\t\t\t\t\t\t\t<ul class=\"elementor-icon-list-items\">\n\t\t\t\t\t\t\t<li class=\"elementor-icon-list-item\">\n\t\t\t\t\t\t\t\t\t\t\t<span class=\"elementor-icon-list-icon\">\n\t\t\t\t\t\t\t<svg xmlns=\"http:\/\/www.w3.org\/2000\/svg\" id=\"Livello_1\" viewBox=\"0 0 622.4 622.4\"><defs><style>      .st0 {        fill: #ff5f00;      }      .st1 {        fill: #393938;      }    <\/style><\/defs><path class=\"st1\" d=\"M622.4,307.7v-87.5c0-16.7-13.6-30.3-30.3-30.3h-22.2c-5.5,0-10,4.5-10,10s4.5,10,10,10h22.2c5.7,0,10.3,4.6,10.3,10.3v83.4l-298.8,298.8h-130.8l127-127c1.9-1.9,2.9-4.4,2.9-7.1s-1.1-5.2-2.9-7.1l-129.8-129.8v-77.8l168.7,168.7c2,2,4.5,2.9,7.1,2.9s5.1-1,7.1-2.9l75.7-75.7c3.9-3.9,3.9-10.2,0-14.1-3.9-3.9-10.2-3.9-14.1,0l-68.6,68.6-175.8-175.8v-15.5c.4,0,.9,0,1.3,0h153.6c5.5,0,10-4.5,10-10s-4.5-10-10-10h-153.6c-.4,0-.9,0-1.3,0v-30.1c0-46.9-38.1-85-85-85S0,113.1,0,160v382.6c0,.9.1,1.8.4,2.7,3.7,41.4,35,73.9,75.7,77,.1,0,.2,0,.3,0,.5,0,1,.1,1.4.1h514.3c16.7,0,30.3-13.6,30.3-30.3v-284.4h0ZM20,160c0-35.8,29.2-65,65-65s65,29.2,65,65v175.6h0v143.8c-15.5-18.7-36.7-27.6-65-27.6s-43.9,9.2-60.2,25.9c-1.7,1.7-3.3,3.5-4.8,5.4V160ZM36.3,581.7c-10.5-12-16.3-27.9-16.3-44.7,0-34.7,30.4-65.2,65-65.2s52.9,14.7,65,49.3c.4,1,.9,1.9,1.5,2.8,1.7,2.9,4.9,4.9,8.6,4.9,5.5,0,10-4.5,10-10v-159l108.6,108.6-133.2,133.2c-.3.3-.5.6-.8.9h-66.4c-.2,0-.4,0-.6,0-16.1-1.2-30.8-8.6-41.3-20.6ZM592.1,602.4h-260.3l270.6-270.6v260.3c0,5.7-4.6,10.3-10.3,10.3Z\"><\/path><g id=\"g2552\"><g id=\"path2554\"><path class=\"st0\" d=\"M447.2,371.5c-2.5,0-5-1-6.8-2.7-1.4-1.3-34-31.9-67.1-74.8-45.2-58.6-68.1-109.7-68.1-151.9s14.2-85.1,42.1-109.6C371.3,11.2,405.9,0,447.2,0,525.6,0,589.3,63.7,589.3,142.1s-22.9,80.5-67.9,142.9c-33,45.6-66.4,82.8-66.7,83.2-1.8,2-4.3,3.2-7,3.3-.1,0-.3,0-.4,0ZM447.2,20c-36.3,0-66.4,9.5-86.8,27.5-23.4,20.6-35.3,52.4-35.3,94.6,0,77.9,94.2,177.6,121.5,204.9,11.3-13.1,35.1-41.3,58.6-73.8,52.9-73.4,64.1-111.7,64.1-131,0-67.3-54.8-122.1-122.1-122.1Z\"><\/path><\/g><\/g><g id=\"g2556\"><g id=\"path2558\"><path class=\"st0\" d=\"M447.2,205.6c-35,0-63.4-28.4-63.4-63.4s28.4-63.3,63.4-63.3,63.4,28.4,63.4,63.3-27.6,62.5-61.9,63.3c-.5,0-1,.1-1.5.1ZM447.2,98.9c-23.9,0-43.4,19.4-43.4,43.3s18.8,42.7,42.1,43.4c.4,0,.8,0,1.3,0,23.9,0,43.4-19.4,43.4-43.3s-19.5-43.3-43.4-43.3Z\"><\/path><\/g><\/g><\/svg>\t\t\t\t\t\t<\/span>\n\t\t\t\t\t\t\t\t\t\t<span class=\"elementor-icon-list-text\">Nuestra sede<\/span>\n\t\t\t\t\t\t\t\t\t<\/li>\n\t\t\t\t\t\t<\/ul>\n\t\t\t\t\t\t<\/div>\n\t\t<div class=\"elementor-element elementor-element-4eed0a7 e-grid e-con-full e-con e-child\" data-id=\"4eed0a7\" data-element_type=\"container\" data-e-type=\"container\">\n\t\t\t\t<div class=\"elementor-element elementor-element-9a260bb elementor-widget elementor-widget-icon-box\" data-id=\"9a260bb\" data-element_type=\"widget\" data-e-type=\"widget\" data-widget_type=\"icon-box.default\">\n\t\t\t\t\t\t\t<div class=\"elementor-icon-box-wrapper\">\n\n\t\t\t\n\t\t\t\t\t\t<div class=\"elementor-icon-box-content\">\n\n\t\t\t\t\t\t\t\t\t<h3 class=\"elementor-icon-box-title\">\n\t\t\t\t\t\t<span  >\n\t\t\t\t\t\t\tMIL\u00c1N\t\t\t\t\t\t<\/span>\n\t\t\t\t\t<\/h3>\n\t\t\t\t\n\t\t\t\t\t\t\t\t\t<p class=\"elementor-icon-box-description\">\n\t\t\t\t\t\t<a href=\"https:\/\/www.google.com\/maps\/place\/Via+E.+Ferri,+6,+20092+Cinisello+Balsamo+MI\/@45.5437287,9.2166475,16z\/data=!3m1!4b1!4m6!3m5!1s0x4786b8b0f6974715:0x1e54e6a5c4077aeb!8m2!3d45.543725!4d9.2192278!16s%2Fg%2F11rgfy10w9?entry=ttu&amp;g_ep=EgoyMDI1MTEwNC4xIKXMDSoASAFQAw%3D%3D\" target=\"_blank\">Via Ferri, 6 20092\nCinisello Balsamo (MI)<\/a><br>02 89785093<br>Info@sincronis.com\n\t\t\t\t\t<\/p>\n\t\t\t\t\n\t\t\t<\/div>\n\t\t\t\n\t\t<\/div>\n\t\t\t\t\t\t<\/div>\n\t\t\t\t<\/div>\n\t\t\t\t<\/div>\n\t\t<div class=\"elementor-element elementor-element-e76cf2c e-con-full e-flex e-con e-child\" data-id=\"e76cf2c\" data-element_type=\"container\" data-e-type=\"container\">\n\t\t\t\t<\/div>\n\t\t\t\t\t<\/div>\n\t\t\t\t<\/div>\n\t\t\t\t<\/div>\n\t\t","protected":false},"excerpt":{"rendered":"<p>Contacto Contacta con Sincronis: tu socio t\u00e9cnico en servicios biom\u00e9dicos \u00bfNecesitas asistencia, asesoramiento o quieres conocer m\u00e1s sobre nuestros servicios?Estamos [&hellip;]<\/p>\n","protected":false},"author":1,"featured_media":0,"parent":0,"menu_order":0,"comment_status":"closed","ping_status":"closed","template":"","meta":{"site-sidebar-layout":"no-sidebar","site-content-layout":"","ast-site-content-layout":"full-width-container","site-content-style":"boxed","site-sidebar-style":"default","ast-global-header-display":"disabled","ast-banner-title-visibility":"disabled","ast-main-header-display":"disabled","ast-hfb-above-header-display":"","ast-hfb-below-header-display":"","ast-hfb-mobile-header-display":"","site-post-title":"","ast-breadcrumbs-content":"","ast-featured-img":"disabled","footer-sml-layout":"","ast-disable-related-posts":"","theme-transparent-header-meta":"","adv-header-id-meta":"","stick-header-meta":"","header-above-stick-meta":"","header-main-stick-meta":"","header-below-stick-meta":"","astra-migrate-meta-layouts":"default","ast-page-background-enabled":"default","ast-page-background-meta":{"desktop":{"background-color":"var(--ast-global-color-5)","background-image":"","background-repeat":"repeat","background-position":"center center","background-size":"auto","background-attachment":"scroll","background-type":"","background-media":"","overlay-type":"","overlay-color":"","overlay-opacity":"","overlay-gradient":""},"tablet":{"background-color":"","background-image":"","background-repeat":"repeat","background-position":"center center","background-size":"auto","background-attachment":"scroll","background-type":"","background-media":"","overlay-type":"","overlay-color":"","overlay-opacity":"","overlay-gradient":""},"mobile":{"background-color":"","background-image":"","background-repeat":"repeat","background-position":"center center","background-size":"auto","background-attachment":"scroll","background-type":"","background-media":"","overlay-type":"","overlay-color":"","overlay-opacity":"","overlay-gradient":""}},"ast-content-background-meta":{"desktop":{"background-color":"var(--ast-global-color-4)","background-image":"","background-repeat":"repeat","background-position":"center center","background-size":"auto","background-attachment":"scroll","background-type":"","background-media":"","overlay-type":"","overlay-color":"","overlay-opacity":"","overlay-gradient":""},"tablet":{"background-color":"var(--ast-global-color-4)","background-image":"","background-repeat":"repeat","background-position":"center center","background-size":"auto","background-attachment":"scroll","background-type":"","background-media":"","overlay-type":"","overlay-color":"","overlay-opacity":"","overlay-gradient":""},"mobile":{"background-color":"var(--ast-global-color-4)","background-image":"","background-repeat":"repeat","background-position":"center center","background-size":"auto","background-attachment":"scroll","background-type":"","background-media":"","overlay-type":"","overlay-color":"","overlay-opacity":"","overlay-gradient":""}},"footnotes":""},"class_list":["post-1898","page","type-page","status-publish","hentry"],"yoast_head":"<!-- This site is optimized with the Yoast SEO plugin v27.4 - https:\/\/yoast.com\/product\/yoast-seo-wordpress\/ -->\n<title>Contacto \u2013 Sincronis | Asistencia T\u00e9cnica y Consultor\u00eda Biom\u00e9dica<\/title>\n<meta name=\"description\" content=\"Contacta con Sincronis para asistencia t\u00e9cnica, presupuestos y consultor\u00eda en mantenimiento y gesti\u00f3n de equipos biom\u00e9dicos.\" \/>\n<meta name=\"robots\" content=\"index, follow, max-snippet:-1, max-image-preview:large, max-video-preview:-1\" \/>\n<link rel=\"canonical\" href=\"https:\/\/sincronis.com\/es\/contacto\/\" \/>\n<meta property=\"og:locale\" content=\"es_ES\" \/>\n<meta property=\"og:type\" content=\"article\" \/>\n<meta property=\"og:title\" content=\"Contacto \u2013 Sincronis | Asistencia T\u00e9cnica y Consultor\u00eda Biom\u00e9dica\" \/>\n<meta property=\"og:description\" content=\"Contacta con Sincronis para asistencia t\u00e9cnica, presupuestos y consultor\u00eda en mantenimiento y gesti\u00f3n de equipos biom\u00e9dicos.\" \/>\n<meta property=\"og:url\" content=\"https:\/\/sincronis.com\/es\/contacto\/\" \/>\n<meta property=\"og:site_name\" content=\"Sincronis\" \/>\n<meta property=\"article:modified_time\" content=\"2025-12-12T14:14:08+00:00\" \/>\n<meta property=\"og:image\" content=\"https:\/\/sincronis.com\/wp-content\/uploads\/2025\/10\/v-2048x1480-1.png\" \/>\n\t<meta property=\"og:image:width\" content=\"2048\" \/>\n\t<meta property=\"og:image:height\" content=\"1480\" \/>\n\t<meta property=\"og:image:type\" content=\"image\/png\" \/>\n<meta name=\"twitter:card\" content=\"summary_large_image\" \/>\n<meta name=\"twitter:label1\" content=\"Tiempo de lectura\" \/>\n\t<meta name=\"twitter:data1\" content=\"1 minuto\" \/>\n<script type=\"application\/ld+json\" class=\"yoast-schema-graph\">{\"@context\":\"https:\\\/\\\/schema.org\",\"@graph\":[{\"@type\":\"WebPage\",\"@id\":\"https:\\\/\\\/sincronis.com\\\/es\\\/contacto\\\/\",\"url\":\"https:\\\/\\\/sincronis.com\\\/es\\\/contacto\\\/\",\"name\":\"Contacto \u2013 Sincronis | Asistencia T\u00e9cnica y Consultor\u00eda Biom\u00e9dica\",\"isPartOf\":{\"@id\":\"https:\\\/\\\/sincronis.com\\\/es\\\/#website\"},\"primaryImageOfPage\":{\"@id\":\"https:\\\/\\\/sincronis.com\\\/es\\\/contacto\\\/#primaryimage\"},\"image\":{\"@id\":\"https:\\\/\\\/sincronis.com\\\/es\\\/contacto\\\/#primaryimage\"},\"thumbnailUrl\":\"https:\\\/\\\/sincronis.com\\\/wp-content\\\/uploads\\\/2025\\\/10\\\/v-2048x1480-1-1024x740.png\",\"datePublished\":\"2025-09-11T13:10:41+00:00\",\"dateModified\":\"2025-12-12T14:14:08+00:00\",\"description\":\"Contacta con Sincronis para asistencia t\u00e9cnica, presupuestos y consultor\u00eda en mantenimiento y gesti\u00f3n de equipos biom\u00e9dicos.\",\"breadcrumb\":{\"@id\":\"https:\\\/\\\/sincronis.com\\\/es\\\/contacto\\\/#breadcrumb\"},\"inLanguage\":\"es\",\"potentialAction\":[{\"@type\":\"ReadAction\",\"target\":[\"https:\\\/\\\/sincronis.com\\\/es\\\/contacto\\\/\"]}]},{\"@type\":\"ImageObject\",\"inLanguage\":\"es\",\"@id\":\"https:\\\/\\\/sincronis.com\\\/es\\\/contacto\\\/#primaryimage\",\"url\":\"https:\\\/\\\/sincronis.com\\\/wp-content\\\/uploads\\\/2025\\\/10\\\/v-2048x1480-1-1024x740.png\",\"contentUrl\":\"https:\\\/\\\/sincronis.com\\\/wp-content\\\/uploads\\\/2025\\\/10\\\/v-2048x1480-1-1024x740.png\"},{\"@type\":\"BreadcrumbList\",\"@id\":\"https:\\\/\\\/sincronis.com\\\/es\\\/contacto\\\/#breadcrumb\",\"itemListElement\":[{\"@type\":\"ListItem\",\"position\":1,\"name\":\"Home\",\"item\":\"https:\\\/\\\/sincronis.com\\\/es\\\/inicio\\\/\"},{\"@type\":\"ListItem\",\"position\":2,\"name\":\"Contacto\"}]},{\"@type\":\"WebSite\",\"@id\":\"https:\\\/\\\/sincronis.com\\\/es\\\/#website\",\"url\":\"https:\\\/\\\/sincronis.com\\\/es\\\/\",\"name\":\"Sincronis\",\"description\":\"\",\"publisher\":{\"@id\":\"https:\\\/\\\/sincronis.com\\\/es\\\/#organization\"},\"potentialAction\":[{\"@type\":\"SearchAction\",\"target\":{\"@type\":\"EntryPoint\",\"urlTemplate\":\"https:\\\/\\\/sincronis.com\\\/es\\\/?s={search_term_string}\"},\"query-input\":{\"@type\":\"PropertyValueSpecification\",\"valueRequired\":true,\"valueName\":\"search_term_string\"}}],\"inLanguage\":\"es\"},{\"@type\":\"Organization\",\"@id\":\"https:\\\/\\\/sincronis.com\\\/es\\\/#organization\",\"name\":\"Sincronis\",\"url\":\"https:\\\/\\\/sincronis.com\\\/es\\\/\",\"logo\":{\"@type\":\"ImageObject\",\"inLanguage\":\"es\",\"@id\":\"https:\\\/\\\/sincronis.com\\\/es\\\/#\\\/schema\\\/logo\\\/image\\\/\",\"url\":\"https:\\\/\\\/sincronis.com\\\/wp-content\\\/uploads\\\/2025\\\/09\\\/cropped-LOGO_sincironis-scaled-1.png\",\"contentUrl\":\"https:\\\/\\\/sincronis.com\\\/wp-content\\\/uploads\\\/2025\\\/09\\\/cropped-LOGO_sincironis-scaled-1.png\",\"width\":2560,\"height\":608,\"caption\":\"Sincronis\"},\"image\":{\"@id\":\"https:\\\/\\\/sincronis.com\\\/es\\\/#\\\/schema\\\/logo\\\/image\\\/\"}}]}<\/script>\n<!-- \/ Yoast SEO plugin. -->","yoast_head_json":{"title":"Contacto \u2013 Sincronis | Asistencia T\u00e9cnica y Consultor\u00eda Biom\u00e9dica","description":"Contacta con Sincronis para asistencia t\u00e9cnica, presupuestos y consultor\u00eda en mantenimiento y gesti\u00f3n de equipos biom\u00e9dicos.","robots":{"index":"index","follow":"follow","max-snippet":"max-snippet:-1","max-image-preview":"max-image-preview:large","max-video-preview":"max-video-preview:-1"},"canonical":"https:\/\/sincronis.com\/es\/contacto\/","og_locale":"es_ES","og_type":"article","og_title":"Contacto \u2013 Sincronis | Asistencia T\u00e9cnica y Consultor\u00eda Biom\u00e9dica","og_description":"Contacta con Sincronis para asistencia t\u00e9cnica, presupuestos y consultor\u00eda en mantenimiento y gesti\u00f3n de equipos biom\u00e9dicos.","og_url":"https:\/\/sincronis.com\/es\/contacto\/","og_site_name":"Sincronis","article_modified_time":"2025-12-12T14:14:08+00:00","og_image":[{"width":2048,"height":1480,"url":"https:\/\/sincronis.com\/wp-content\/uploads\/2025\/10\/v-2048x1480-1.png","type":"image\/png"}],"twitter_card":"summary_large_image","twitter_misc":{"Tiempo de lectura":"1 minuto"},"schema":{"@context":"https:\/\/schema.org","@graph":[{"@type":"WebPage","@id":"https:\/\/sincronis.com\/es\/contacto\/","url":"https:\/\/sincronis.com\/es\/contacto\/","name":"Contacto \u2013 Sincronis | Asistencia T\u00e9cnica y Consultor\u00eda Biom\u00e9dica","isPartOf":{"@id":"https:\/\/sincronis.com\/es\/#website"},"primaryImageOfPage":{"@id":"https:\/\/sincronis.com\/es\/contacto\/#primaryimage"},"image":{"@id":"https:\/\/sincronis.com\/es\/contacto\/#primaryimage"},"thumbnailUrl":"https:\/\/sincronis.com\/wp-content\/uploads\/2025\/10\/v-2048x1480-1-1024x740.png","datePublished":"2025-09-11T13:10:41+00:00","dateModified":"2025-12-12T14:14:08+00:00","description":"Contacta con Sincronis para asistencia t\u00e9cnica, presupuestos y consultor\u00eda en mantenimiento y gesti\u00f3n de equipos biom\u00e9dicos.","breadcrumb":{"@id":"https:\/\/sincronis.com\/es\/contacto\/#breadcrumb"},"inLanguage":"es","potentialAction":[{"@type":"ReadAction","target":["https:\/\/sincronis.com\/es\/contacto\/"]}]},{"@type":"ImageObject","inLanguage":"es","@id":"https:\/\/sincronis.com\/es\/contacto\/#primaryimage","url":"https:\/\/sincronis.com\/wp-content\/uploads\/2025\/10\/v-2048x1480-1-1024x740.png","contentUrl":"https:\/\/sincronis.com\/wp-content\/uploads\/2025\/10\/v-2048x1480-1-1024x740.png"},{"@type":"BreadcrumbList","@id":"https:\/\/sincronis.com\/es\/contacto\/#breadcrumb","itemListElement":[{"@type":"ListItem","position":1,"name":"Home","item":"https:\/\/sincronis.com\/es\/inicio\/"},{"@type":"ListItem","position":2,"name":"Contacto"}]},{"@type":"WebSite","@id":"https:\/\/sincronis.com\/es\/#website","url":"https:\/\/sincronis.com\/es\/","name":"Sincronis","description":"","publisher":{"@id":"https:\/\/sincronis.com\/es\/#organization"},"potentialAction":[{"@type":"SearchAction","target":{"@type":"EntryPoint","urlTemplate":"https:\/\/sincronis.com\/es\/?s={search_term_string}"},"query-input":{"@type":"PropertyValueSpecification","valueRequired":true,"valueName":"search_term_string"}}],"inLanguage":"es"},{"@type":"Organization","@id":"https:\/\/sincronis.com\/es\/#organization","name":"Sincronis","url":"https:\/\/sincronis.com\/es\/","logo":{"@type":"ImageObject","inLanguage":"es","@id":"https:\/\/sincronis.com\/es\/#\/schema\/logo\/image\/","url":"https:\/\/sincronis.com\/wp-content\/uploads\/2025\/09\/cropped-LOGO_sincironis-scaled-1.png","contentUrl":"https:\/\/sincronis.com\/wp-content\/uploads\/2025\/09\/cropped-LOGO_sincironis-scaled-1.png","width":2560,"height":608,"caption":"Sincronis"},"image":{"@id":"https:\/\/sincronis.com\/es\/#\/schema\/logo\/image\/"}}]}},"_links":{"self":[{"href":"https:\/\/sincronis.com\/es\/wp-json\/wp\/v2\/pages\/1898","targetHints":{"allow":["GET"]}}],"collection":[{"href":"https:\/\/sincronis.com\/es\/wp-json\/wp\/v2\/pages"}],"about":[{"href":"https:\/\/sincronis.com\/es\/wp-json\/wp\/v2\/types\/page"}],"author":[{"embeddable":true,"href":"https:\/\/sincronis.com\/es\/wp-json\/wp\/v2\/users\/1"}],"replies":[{"embeddable":true,"href":"https:\/\/sincronis.com\/es\/wp-json\/wp\/v2\/comments?post=1898"}],"version-history":[{"count":3,"href":"https:\/\/sincronis.com\/es\/wp-json\/wp\/v2\/pages\/1898\/revisions"}],"predecessor-version":[{"id":2352,"href":"https:\/\/sincronis.com\/es\/wp-json\/wp\/v2\/pages\/1898\/revisions\/2352"}],"wp:attachment":[{"href":"https:\/\/sincronis.com\/es\/wp-json\/wp\/v2\/media?parent=1898"}],"curies":[{"name":"wp","href":"https:\/\/api.w.org\/{rel}","templated":true}]}}