{"id":2110,"date":"2025-07-30T09:39:28","date_gmt":"2025-07-30T09:39:28","guid":{"rendered":"https:\/\/sincronis.com\/servizios\/"},"modified":"2025-10-15T10:38:32","modified_gmt":"2025-10-15T10:38:32","slug":"servicios","status":"publish","type":"page","link":"https:\/\/sincronis.com\/es\/servicios\/","title":{"rendered":"servicios"},"content":{"rendered":"\t\t<div data-elementor-type=\"wp-page\" data-elementor-id=\"2110\" class=\"elementor elementor-2110 elementor-139\" data-elementor-post-type=\"page\">\n\t\t\t\t<div class=\"elementor-element elementor-element-03d5367 e-con-full e-flex e-con e-parent\" data-id=\"03d5367\" data-element_type=\"container\" data-e-type=\"container\" data-settings=\"{&quot;background_background&quot;:&quot;classic&quot;}\">\n\t\t<div class=\"elementor-element elementor-element-0b98f13 e-flex e-con-boxed e-con e-child\" data-id=\"0b98f13\" data-element_type=\"container\" data-e-type=\"container\">\n\t\t\t\t\t<div class=\"e-con-inner\">\n\t\t<div class=\"elementor-element elementor-element-d1f2cbb e-con-full e-flex e-con e-child\" data-id=\"d1f2cbb\" data-element_type=\"container\" data-e-type=\"container\">\n\t\t\t\t<div class=\"elementor-element elementor-element-63033f7 elementor-widget elementor-widget-heading\" data-id=\"63033f7\" data-element_type=\"widget\" data-e-type=\"widget\" data-widget_type=\"heading.default\">\n\t\t\t\t\t<h1 class=\"elementor-heading-title elementor-size-default\">Servizios<\/h1>\t\t\t\t<\/div>\n\t\t\t\t<div class=\"elementor-element elementor-element-b18d820 elementor-widget elementor-widget-heading\" data-id=\"b18d820\" data-element_type=\"widget\" data-e-type=\"widget\" data-widget_type=\"heading.default\">\n\t\t\t\t\t<h2 class=\"elementor-heading-title elementor-size-default\">Soluciones especializadas para una gesti\u00f3n segura y eficiente de las tecnolog\u00edas biom\u00e9dicas<\/h2>\t\t\t\t<\/div>\n\t\t\t\t<div class=\"elementor-element elementor-element-b56ee4c elementor-widget__width-initial elementor-widget elementor-widget-text-editor\" data-id=\"b56ee4c\" data-element_type=\"widget\" data-e-type=\"widget\" data-widget_type=\"text-editor.default\">\n\t\t\t\t\t\t\t\t\t<p>Sincronis apoya a centros sanitarios p\u00fablicos y privados,<strong> cl\u00ednicas, ISOs (Independent Service Operators) y fabricantes de dispositivos m\u00e9dicos<\/strong> en los aspectos clave del ciclo de vida tecnol\u00f3gico: Distribuci\u00f3n, Asistencia T\u00e9cnica y Gesti\u00f3n Log\u00edstica.<\/p>\t\t\t\t\t\t\t\t<\/div>\n\t\t\t\t<div class=\"elementor-element elementor-element-b325f2e elementor-mobile-align-justify elementor-widget elementor-widget-button\" data-id=\"b325f2e\" data-element_type=\"widget\" data-e-type=\"widget\" data-widget_type=\"button.default\">\n\t\t\t\t\t\t\t\t\t\t<a class=\"elementor-button elementor-button-link elementor-size-sm\" href=\"https:\/\/sincronis.com\/es\/sectores\/\">\n\t\t\t\t\t\t<span class=\"elementor-button-content-wrapper\">\n\t\t\t\t\t\t<span class=\"elementor-button-icon\">\n\t\t\t\t<svg xmlns=\"http:\/\/www.w3.org\/2000\/svg\" id=\"Livello_1\" viewBox=\"0 0 654.1 654.1\"><path d=\"M327,654.1c-87.4,0-169.5-34-231.2-95.8C34,496.5,0,414.4,0,327S34,157.6,95.8,95.8C157.6,34,239.7,0,327,0s169.5,34,231.2,95.8c61.8,61.8,95.8,143.9,95.8,231.2s-34,169.5-95.8,231.2c-61.8,61.8-143.9,95.8-231.2,95.8ZM327,20c-82,0-159.1,31.9-217.1,89.9C51.9,167.9,20,245,20,327s31.9,159.1,89.9,217.1c58,58,135.1,89.9,217.1,89.9s159.1-31.9,217.1-89.9,89.9-135.1,89.9-217.1-31.9-159.1-89.9-217.1c-58-58-135.1-89.9-217.1-89.9Z\"><\/path><path d=\"M257.7,475.8c-2.6,0-5.1-1-7.1-2.9-3.9-3.9-3.9-10.2,0-14.1l134.9-134.9-134.9-134.9c-3.9-3.9-3.9-10.2,0-14.1,3.9-3.9,10.2-3.9,14.1,0l142,142c1.9,1.9,2.9,4.4,2.9,7.1s-1.1,5.2-2.9,7.1l-142,142c-2,2-4.5,2.9-7.1,2.9Z\"><\/path><\/svg>\t\t\t<\/span>\n\t\t\t\t\t\t\t\t\t<span class=\"elementor-button-text\">Descubre nuestras soluciones<\/span>\n\t\t\t\t\t<\/span>\n\t\t\t\t\t<\/a>\n\t\t\t\t\t\t\t\t<\/div>\n\t\t\t\t<\/div>\n\t\t<div class=\"elementor-element elementor-element-031e820 e-con-full elementor-hidden-mobile elementor-hidden-tablet e-flex e-con e-child\" data-id=\"031e820\" data-element_type=\"container\" data-e-type=\"container\">\n\t\t\t\t<div class=\"elementor-element elementor-element-53c405c elementor-absolute v elementor-widget elementor-widget-image\" data-id=\"53c405c\" data-element_type=\"widget\" data-e-type=\"widget\" data-settings=\"{&quot;_position&quot;:&quot;absolute&quot;}\" data-widget_type=\"image.default\">\n\t\t\t\t\t\t\t\t\t\t\t\t\t\t\t<img fetchpriority=\"high\" decoding=\"async\" width=\"1024\" height=\"740\" src=\"https:\/\/sincronis.com\/wp-content\/uploads\/2025\/10\/v-2048x1480-1-1024x740.png\" class=\"attachment-large size-large wp-image-1697\" alt=\"\" srcset=\"https:\/\/sincronis.com\/wp-content\/uploads\/2025\/10\/v-2048x1480-1-1024x740.png 1024w, https:\/\/sincronis.com\/wp-content\/uploads\/2025\/10\/v-2048x1480-1-300x217.png 300w, https:\/\/sincronis.com\/wp-content\/uploads\/2025\/10\/v-2048x1480-1-768x555.png 768w, https:\/\/sincronis.com\/wp-content\/uploads\/2025\/10\/v-2048x1480-1-1536x1110.png 1536w, https:\/\/sincronis.com\/wp-content\/uploads\/2025\/10\/v-2048x1480-1.png 2048w\" sizes=\"(max-width: 1024px) 100vw, 1024px\" \/>\t\t\t\t\t\t\t\t\t\t\t\t\t\t\t<\/div>\n\t\t\t\t<\/div>\n\t\t\t\t\t<\/div>\n\t\t\t\t<\/div>\n\t\t\t\t<\/div>\n\t\t<div class=\"elementor-element elementor-element-2a2fa06 e-con-full e-flex e-con e-parent\" data-id=\"2a2fa06\" data-element_type=\"container\" data-e-type=\"container\" data-settings=\"{&quot;background_background&quot;:&quot;classic&quot;}\">\n\t\t<div class=\"elementor-element elementor-element-9c08735 e-con-full e-flex e-con e-child\" data-id=\"9c08735\" data-element_type=\"container\" data-e-type=\"container\" data-settings=\"{&quot;background_background&quot;:&quot;classic&quot;}\">\n\t\t<div class=\"elementor-element elementor-element-06548d6 e-con-full elementor-hidden-mobile e-flex e-con e-child\" data-id=\"06548d6\" data-element_type=\"container\" data-e-type=\"container\" data-settings=\"{&quot;background_background&quot;:&quot;classic&quot;}\">\n\t\t\t\t<\/div>\n\t\t<div class=\"elementor-element elementor-element-b957300 e-con-full e-flex e-con e-child\" data-id=\"b957300\" data-element_type=\"container\" data-e-type=\"container\">\n\t\t\t\t<div class=\"elementor-element elementor-element-5b49b6b elementor-widget elementor-widget-heading\" data-id=\"5b49b6b\" data-element_type=\"widget\" data-e-type=\"widget\" data-widget_type=\"heading.default\">\n\t\t\t\t\t<h2 class=\"elementor-heading-title elementor-size-default\">ASP<\/h2>\t\t\t\t<\/div>\n\t\t\t\t<div class=\"elementor-element elementor-element-1f16bd6 elementor-widget elementor-widget-heading\" data-id=\"1f16bd6\" data-element_type=\"widget\" data-e-type=\"widget\" data-widget_type=\"heading.default\">\n\t\t\t\t\t<h2 class=\"elementor-heading-title elementor-size-default\">Proveedor de Servicio Autorizado<\/h2>\t\t\t\t<\/div>\n\t\t\t\t<div class=\"elementor-element elementor-element-00630dc elementor-widget elementor-widget-text-editor\" data-id=\"00630dc\" data-element_type=\"widget\" data-e-type=\"widget\" data-widget_type=\"text-editor.default\">\n\t\t\t\t\t\t\t\t\t<p>Asistencia t\u00e9cnica certificada ISO 13485, tanto on-site como en laboratorio, con gesti\u00f3n avanzada de log\u00edstica.<\/p>\t\t\t\t\t\t\t\t<\/div>\n\t\t\t\t<div class=\"elementor-element elementor-element-4915f42 elementor-widget elementor-widget-button\" data-id=\"4915f42\" data-element_type=\"widget\" data-e-type=\"widget\" data-widget_type=\"button.default\">\n\t\t\t\t\t\t\t\t\t\t<a class=\"elementor-button elementor-button-link elementor-size-sm\" href=\"https:\/\/sincronis.com\/es\/servicios\/asp\/\">\n\t\t\t\t\t\t<span class=\"elementor-button-content-wrapper\">\n\t\t\t\t\t\t\t\t\t<span class=\"elementor-button-text\">Descubre nuestros servicios a medida<\/span>\n\t\t\t\t\t<\/span>\n\t\t\t\t\t<\/a>\n\t\t\t\t\t\t\t\t<\/div>\n\t\t\t\t<\/div>\n\t\t\t\t<\/div>\n\t\t\t\t<\/div>\n\t\t<div class=\"elementor-element elementor-element-2f491c9 e-con-full e-flex e-con e-parent\" data-id=\"2f491c9\" data-element_type=\"container\" data-e-type=\"container\" data-settings=\"{&quot;background_background&quot;:&quot;classic&quot;}\">\n\t\t<div class=\"elementor-element elementor-element-dad33a4 e-con-full e-flex e-con e-child\" data-id=\"dad33a4\" data-element_type=\"container\" data-e-type=\"container\">\n\t\t<div class=\"elementor-element elementor-element-afdab34 e-con-full e-flex e-con e-child\" data-id=\"afdab34\" data-element_type=\"container\" data-e-type=\"container\">\n\t\t\t\t<div class=\"elementor-element elementor-element-f6271c7 elementor-widget elementor-widget-heading\" data-id=\"f6271c7\" data-element_type=\"widget\" data-e-type=\"widget\" data-widget_type=\"heading.default\">\n\t\t\t\t\t<h2 class=\"elementor-heading-title elementor-size-default\">Laboratorios especializados<\/h2>\t\t\t\t<\/div>\n\t\t\t\t<div class=\"elementor-element elementor-element-cdf22f2 elementor-widget elementor-widget-text-editor\" data-id=\"cdf22f2\" data-element_type=\"widget\" data-e-type=\"widget\" data-widget_type=\"text-editor.default\">\n\t\t\t\t\t\t\t\t\t<p>Asistencia t\u00e9cnica multibrand certificada ISO 13485 en dispositivos con alto impacto de mantenimiento como endoscopia y ventilaci\u00f3n.<\/p>\t\t\t\t\t\t\t\t<\/div>\n\t\t\t\t<div class=\"elementor-element elementor-element-081a066 elementor-widget elementor-widget-button\" data-id=\"081a066\" data-element_type=\"widget\" data-e-type=\"widget\" data-widget_type=\"button.default\">\n\t\t\t\t\t\t\t\t\t\t<a class=\"elementor-button elementor-button-link elementor-size-sm\" href=\"https:\/\/sincronis.com\/es\/servicios\/laboratorios-verticales\/\">\n\t\t\t\t\t\t<span class=\"elementor-button-content-wrapper\">\n\t\t\t\t\t\t\t\t\t<span class=\"elementor-button-text\">M\u00e1s informaci\u00f3n<\/span>\n\t\t\t\t\t<\/span>\n\t\t\t\t\t<\/a>\n\t\t\t\t\t\t\t\t<\/div>\n\t\t\t\t<\/div>\n\t\t<div class=\"elementor-element elementor-element-6d9f4f3 e-con-full elementor-hidden-mobile e-flex e-con e-child\" data-id=\"6d9f4f3\" data-element_type=\"container\" data-e-type=\"container\" data-settings=\"{&quot;background_background&quot;:&quot;classic&quot;}\">\n\t\t\t\t<\/div>\n\t\t\t\t<\/div>\n\t\t\t\t<\/div>\n\t\t<div class=\"elementor-element elementor-element-b9da495 e-con-full e-flex e-con e-parent\" data-id=\"b9da495\" data-element_type=\"container\" data-e-type=\"container\" data-settings=\"{&quot;background_background&quot;:&quot;classic&quot;}\">\n\t\t<div class=\"elementor-element elementor-element-1b3df98 e-con-full e-flex e-con e-child\" data-id=\"1b3df98\" data-element_type=\"container\" data-e-type=\"container\" data-settings=\"{&quot;background_background&quot;:&quot;classic&quot;}\">\n\t\t<div class=\"elementor-element elementor-element-d14608e e-con-full elementor-hidden-mobile e-flex e-con e-child\" data-id=\"d14608e\" data-element_type=\"container\" data-e-type=\"container\" data-settings=\"{&quot;background_background&quot;:&quot;classic&quot;}\">\n\t\t\t\t<\/div>\n\t\t<div class=\"elementor-element elementor-element-25b73bb e-con-full e-flex e-con e-child\" data-id=\"25b73bb\" data-element_type=\"container\" data-e-type=\"container\">\n\t\t\t\t<div class=\"elementor-element elementor-element-ce16e85 elementor-widget elementor-widget-heading\" data-id=\"ce16e85\" data-element_type=\"widget\" data-e-type=\"widget\" data-widget_type=\"heading.default\">\n\t\t\t\t\t<h2 class=\"elementor-heading-title elementor-size-default\">Venta<\/h2>\t\t\t\t<\/div>\n\t\t\t\t<div class=\"elementor-element elementor-element-cbd4fe5 elementor-widget elementor-widget-text-editor\" data-id=\"cbd4fe5\" data-element_type=\"widget\" data-e-type=\"widget\" data-widget_type=\"text-editor.default\">\n\t\t\t\t\t\t\t\t\t<p>Equipos biom\u00e9dicos nuevos y reacondicionados, <strong>con foco en dispositivos de endoscopia y quir\u00f3fano.<\/strong><\/p>\t\t\t\t\t\t\t\t<\/div>\n\t\t\t\t<div class=\"elementor-element elementor-element-148bd82 elementor-widget elementor-widget-button\" data-id=\"148bd82\" data-element_type=\"widget\" data-e-type=\"widget\" data-widget_type=\"button.default\">\n\t\t\t\t\t\t\t\t\t\t<a class=\"elementor-button elementor-button-link elementor-size-sm\" href=\"https:\/\/sincronis.com\/es\/contacto\/\">\n\t\t\t\t\t\t<span class=\"elementor-button-content-wrapper\">\n\t\t\t\t\t\t\t\t\t<span class=\"elementor-button-text\">Solicita informaci\u00f3n<\/span>\n\t\t\t\t\t<\/span>\n\t\t\t\t\t<\/a>\n\t\t\t\t\t\t\t\t<\/div>\n\t\t\t\t<\/div>\n\t\t\t\t<\/div>\n\t\t\t\t<\/div>\n\t\t<div class=\"elementor-element elementor-element-1284c99 e-con-full e-flex e-con e-parent\" data-id=\"1284c99\" data-element_type=\"container\" data-e-type=\"container\" data-settings=\"{&quot;background_background&quot;:&quot;classic&quot;}\">\n\t\t<div class=\"elementor-element elementor-element-200d2ed e-con-full e-flex e-con e-child\" data-id=\"200d2ed\" data-element_type=\"container\" data-e-type=\"container\">\n\t\t<div class=\"elementor-element elementor-element-0150566 e-con-full e-flex e-con e-child\" data-id=\"0150566\" data-element_type=\"container\" data-e-type=\"container\">\n\t\t\t\t<div class=\"elementor-element elementor-element-c6135dc elementor-widget elementor-widget-heading\" data-id=\"c6135dc\" data-element_type=\"widget\" data-e-type=\"widget\" data-widget_type=\"heading.default\">\n\t\t\t\t\t<h2 class=\"elementor-heading-title elementor-size-default\">Proyectos llave en mano<\/h2>\t\t\t\t<\/div>\n\t\t\t\t<div class=\"elementor-element elementor-element-a1d9897 elementor-widget elementor-widget-text-editor\" data-id=\"a1d9897\" data-element_type=\"widget\" data-e-type=\"widget\" data-widget_type=\"text-editor.default\">\n\t\t\t\t\t\t\t\t\t<p>Soluciones <strong>modulares e integradas<\/strong> para hospitales, ONG, organismos p\u00fablicos y OEM.<\/p>\t\t\t\t\t\t\t\t<\/div>\n\t\t\t\t<div class=\"elementor-element elementor-element-6b959ec elementor-widget elementor-widget-button\" data-id=\"6b959ec\" data-element_type=\"widget\" data-e-type=\"widget\" data-widget_type=\"button.default\">\n\t\t\t\t\t\t\t\t\t\t<a class=\"elementor-button elementor-button-link elementor-size-sm\" href=\"https:\/\/sincronis.com\/es\/servicios\/proyectos-llave-en-mano\/\">\n\t\t\t\t\t\t<span class=\"elementor-button-content-wrapper\">\n\t\t\t\t\t\t\t\t\t<span class=\"elementor-button-text\">Descubre el servicio<\/span>\n\t\t\t\t\t<\/span>\n\t\t\t\t\t<\/a>\n\t\t\t\t\t\t\t\t<\/div>\n\t\t\t\t<\/div>\n\t\t<div class=\"elementor-element elementor-element-b47e82f e-con-full elementor-hidden-mobile e-flex e-con e-child\" data-id=\"b47e82f\" data-element_type=\"container\" data-e-type=\"container\" data-settings=\"{&quot;background_background&quot;:&quot;classic&quot;}\">\n\t\t\t\t<\/div>\n\t\t\t\t<\/div>\n\t\t\t\t<\/div>\n\t\t\t\t<\/div>\n\t\t","protected":false},"excerpt":{"rendered":"<p>Servizios Soluciones especializadas para una gesti\u00f3n segura y eficiente de las tecnolog\u00edas biom\u00e9dicas Sincronis apoya a centros sanitarios p\u00fablicos y [&hellip;]<\/p>\n","protected":false},"author":1,"featured_media":0,"parent":0,"menu_order":0,"comment_status":"closed","ping_status":"closed","template":"","meta":{"site-sidebar-layout":"no-sidebar","site-content-layout":"","ast-site-content-layout":"full-width-container","site-content-style":"default","site-sidebar-style":"default","ast-global-header-display":"disabled","ast-banner-title-visibility":"","ast-main-header-display":"","ast-hfb-above-header-display":"","ast-hfb-below-header-display":"","ast-hfb-mobile-header-display":"","site-post-title":"disabled","ast-breadcrumbs-content":"","ast-featured-img":"disabled","footer-sml-layout":"disabled","ast-disable-related-posts":"","theme-transparent-header-meta":"","adv-header-id-meta":"","stick-header-meta":"","header-above-stick-meta":"","header-main-stick-meta":"","header-below-stick-meta":"","astra-migrate-meta-layouts":"default","ast-page-background-enabled":"default","ast-page-background-meta":{"desktop":{"background-color":"var(--ast-global-color-5)","background-image":"","background-repeat":"repeat","background-position":"center center","background-size":"auto","background-attachment":"scroll","background-type":"","background-media":"","overlay-type":"","overlay-color":"","overlay-opacity":"","overlay-gradient":""},"tablet":{"background-color":"","background-image":"","background-repeat":"repeat","background-position":"center center","background-size":"auto","background-attachment":"scroll","background-type":"","background-media":"","overlay-type":"","overlay-color":"","overlay-opacity":"","overlay-gradient":""},"mobile":{"background-color":"","background-image":"","background-repeat":"repeat","background-position":"center center","background-size":"auto","background-attachment":"scroll","background-type":"","background-media":"","overlay-type":"","overlay-color":"","overlay-opacity":"","overlay-gradient":""}},"ast-content-background-meta":{"desktop":{"background-color":"var(--ast-global-color-4)","background-image":"","background-repeat":"repeat","background-position":"center center","background-size":"auto","background-attachment":"scroll","background-type":"","background-media":"","overlay-type":"","overlay-color":"","overlay-opacity":"","overlay-gradient":""},"tablet":{"background-color":"var(--ast-global-color-4)","background-image":"","background-repeat":"repeat","background-position":"center center","background-size":"auto","background-attachment":"scroll","background-type":"","background-media":"","overlay-type":"","overlay-color":"","overlay-opacity":"","overlay-gradient":""},"mobile":{"background-color":"var(--ast-global-color-4)","background-image":"","background-repeat":"repeat","background-position":"center center","background-size":"auto","background-attachment":"scroll","background-type":"","background-media":"","overlay-type":"","overlay-color":"","overlay-opacity":"","overlay-gradient":""}},"footnotes":""},"class_list":["post-2110","page","type-page","status-publish","hentry"],"yoast_head":"<!-- This site is optimized with the Yoast SEO plugin v27.4 - https:\/\/yoast.com\/product\/yoast-seo-wordpress\/ -->\n<title>Servicios \u2013 Sincronis | Soluciones integradas para tecnolog\u00edas biom\u00e9dicas<\/title>\n<meta name=\"description\" content=\"Descubre los servicios de Sincronis: asistencia OEM certificada, laboratorios especializados, venta de equipos m\u00e9dicos y proyectos sanitarios llave en mano.\" \/>\n<meta name=\"robots\" content=\"index, follow, max-snippet:-1, max-image-preview:large, max-video-preview:-1\" \/>\n<link rel=\"canonical\" href=\"https:\/\/sincronis.com\/es\/servicios\/\" \/>\n<meta property=\"og:locale\" content=\"es_ES\" \/>\n<meta property=\"og:type\" content=\"article\" \/>\n<meta property=\"og:title\" content=\"Servicios \u2013 Sincronis | Soluciones integradas para tecnolog\u00edas biom\u00e9dicas\" \/>\n<meta property=\"og:description\" content=\"Descubre los servicios de Sincronis: asistencia OEM certificada, laboratorios especializados, venta de equipos m\u00e9dicos y proyectos sanitarios llave en mano.\" \/>\n<meta property=\"og:url\" content=\"https:\/\/sincronis.com\/es\/servicios\/\" \/>\n<meta property=\"og:site_name\" content=\"Sincronis\" \/>\n<meta property=\"article:modified_time\" content=\"2025-10-15T10:38:32+00:00\" \/>\n<meta property=\"og:image\" content=\"https:\/\/sincronis.com\/wp-content\/uploads\/2025\/10\/v-2048x1480-1.png\" \/>\n\t<meta property=\"og:image:width\" content=\"2048\" \/>\n\t<meta property=\"og:image:height\" content=\"1480\" \/>\n\t<meta property=\"og:image:type\" content=\"image\/png\" \/>\n<meta name=\"twitter:card\" content=\"summary_large_image\" \/>\n<meta name=\"twitter:label1\" content=\"Tiempo de lectura\" \/>\n\t<meta name=\"twitter:data1\" content=\"1 minuto\" \/>\n<script type=\"application\/ld+json\" class=\"yoast-schema-graph\">{\"@context\":\"https:\\\/\\\/schema.org\",\"@graph\":[{\"@type\":\"WebPage\",\"@id\":\"https:\\\/\\\/sincronis.com\\\/es\\\/servicios\\\/\",\"url\":\"https:\\\/\\\/sincronis.com\\\/es\\\/servicios\\\/\",\"name\":\"Servicios \u2013 Sincronis | Soluciones integradas para tecnolog\u00edas biom\u00e9dicas\",\"isPartOf\":{\"@id\":\"https:\\\/\\\/sincronis.com\\\/es\\\/#website\"},\"primaryImageOfPage\":{\"@id\":\"https:\\\/\\\/sincronis.com\\\/es\\\/servicios\\\/#primaryimage\"},\"image\":{\"@id\":\"https:\\\/\\\/sincronis.com\\\/es\\\/servicios\\\/#primaryimage\"},\"thumbnailUrl\":\"https:\\\/\\\/sincronis.com\\\/wp-content\\\/uploads\\\/2025\\\/10\\\/v-2048x1480-1-1024x740.png\",\"datePublished\":\"2025-07-30T09:39:28+00:00\",\"dateModified\":\"2025-10-15T10:38:32+00:00\",\"description\":\"Descubre los servicios de Sincronis: asistencia OEM certificada, laboratorios especializados, venta de equipos m\u00e9dicos y proyectos sanitarios llave en mano.\",\"breadcrumb\":{\"@id\":\"https:\\\/\\\/sincronis.com\\\/es\\\/servicios\\\/#breadcrumb\"},\"inLanguage\":\"es\",\"potentialAction\":[{\"@type\":\"ReadAction\",\"target\":[\"https:\\\/\\\/sincronis.com\\\/es\\\/servicios\\\/\"]}]},{\"@type\":\"ImageObject\",\"inLanguage\":\"es\",\"@id\":\"https:\\\/\\\/sincronis.com\\\/es\\\/servicios\\\/#primaryimage\",\"url\":\"https:\\\/\\\/sincronis.com\\\/wp-content\\\/uploads\\\/2025\\\/10\\\/v-2048x1480-1-1024x740.png\",\"contentUrl\":\"https:\\\/\\\/sincronis.com\\\/wp-content\\\/uploads\\\/2025\\\/10\\\/v-2048x1480-1-1024x740.png\"},{\"@type\":\"BreadcrumbList\",\"@id\":\"https:\\\/\\\/sincronis.com\\\/es\\\/servicios\\\/#breadcrumb\",\"itemListElement\":[{\"@type\":\"ListItem\",\"position\":1,\"name\":\"Home\",\"item\":\"https:\\\/\\\/sincronis.com\\\/es\\\/inicio\\\/\"},{\"@type\":\"ListItem\",\"position\":2,\"name\":\"servicios\"}]},{\"@type\":\"WebSite\",\"@id\":\"https:\\\/\\\/sincronis.com\\\/es\\\/#website\",\"url\":\"https:\\\/\\\/sincronis.com\\\/es\\\/\",\"name\":\"Sincronis\",\"description\":\"\",\"publisher\":{\"@id\":\"https:\\\/\\\/sincronis.com\\\/es\\\/#organization\"},\"potentialAction\":[{\"@type\":\"SearchAction\",\"target\":{\"@type\":\"EntryPoint\",\"urlTemplate\":\"https:\\\/\\\/sincronis.com\\\/es\\\/?s={search_term_string}\"},\"query-input\":{\"@type\":\"PropertyValueSpecification\",\"valueRequired\":true,\"valueName\":\"search_term_string\"}}],\"inLanguage\":\"es\"},{\"@type\":\"Organization\",\"@id\":\"https:\\\/\\\/sincronis.com\\\/es\\\/#organization\",\"name\":\"Sincronis\",\"url\":\"https:\\\/\\\/sincronis.com\\\/es\\\/\",\"logo\":{\"@type\":\"ImageObject\",\"inLanguage\":\"es\",\"@id\":\"https:\\\/\\\/sincronis.com\\\/es\\\/#\\\/schema\\\/logo\\\/image\\\/\",\"url\":\"https:\\\/\\\/sincronis.com\\\/wp-content\\\/uploads\\\/2025\\\/09\\\/cropped-LOGO_sincironis-scaled-1.png\",\"contentUrl\":\"https:\\\/\\\/sincronis.com\\\/wp-content\\\/uploads\\\/2025\\\/09\\\/cropped-LOGO_sincironis-scaled-1.png\",\"width\":2560,\"height\":608,\"caption\":\"Sincronis\"},\"image\":{\"@id\":\"https:\\\/\\\/sincronis.com\\\/es\\\/#\\\/schema\\\/logo\\\/image\\\/\"}}]}<\/script>\n<!-- \/ Yoast SEO plugin. -->","yoast_head_json":{"title":"Servicios \u2013 Sincronis | Soluciones integradas para tecnolog\u00edas biom\u00e9dicas","description":"Descubre los servicios de Sincronis: asistencia OEM certificada, laboratorios especializados, venta de equipos m\u00e9dicos y proyectos sanitarios llave en mano.","robots":{"index":"index","follow":"follow","max-snippet":"max-snippet:-1","max-image-preview":"max-image-preview:large","max-video-preview":"max-video-preview:-1"},"canonical":"https:\/\/sincronis.com\/es\/servicios\/","og_locale":"es_ES","og_type":"article","og_title":"Servicios \u2013 Sincronis | Soluciones integradas para tecnolog\u00edas biom\u00e9dicas","og_description":"Descubre los servicios de Sincronis: asistencia OEM certificada, laboratorios especializados, venta de equipos m\u00e9dicos y proyectos sanitarios llave en mano.","og_url":"https:\/\/sincronis.com\/es\/servicios\/","og_site_name":"Sincronis","article_modified_time":"2025-10-15T10:38:32+00:00","og_image":[{"width":2048,"height":1480,"url":"https:\/\/sincronis.com\/wp-content\/uploads\/2025\/10\/v-2048x1480-1.png","type":"image\/png"}],"twitter_card":"summary_large_image","twitter_misc":{"Tiempo de lectura":"1 minuto"},"schema":{"@context":"https:\/\/schema.org","@graph":[{"@type":"WebPage","@id":"https:\/\/sincronis.com\/es\/servicios\/","url":"https:\/\/sincronis.com\/es\/servicios\/","name":"Servicios \u2013 Sincronis | Soluciones integradas para tecnolog\u00edas biom\u00e9dicas","isPartOf":{"@id":"https:\/\/sincronis.com\/es\/#website"},"primaryImageOfPage":{"@id":"https:\/\/sincronis.com\/es\/servicios\/#primaryimage"},"image":{"@id":"https:\/\/sincronis.com\/es\/servicios\/#primaryimage"},"thumbnailUrl":"https:\/\/sincronis.com\/wp-content\/uploads\/2025\/10\/v-2048x1480-1-1024x740.png","datePublished":"2025-07-30T09:39:28+00:00","dateModified":"2025-10-15T10:38:32+00:00","description":"Descubre los servicios de Sincronis: asistencia OEM certificada, laboratorios especializados, venta de equipos m\u00e9dicos y proyectos sanitarios llave en mano.","breadcrumb":{"@id":"https:\/\/sincronis.com\/es\/servicios\/#breadcrumb"},"inLanguage":"es","potentialAction":[{"@type":"ReadAction","target":["https:\/\/sincronis.com\/es\/servicios\/"]}]},{"@type":"ImageObject","inLanguage":"es","@id":"https:\/\/sincronis.com\/es\/servicios\/#primaryimage","url":"https:\/\/sincronis.com\/wp-content\/uploads\/2025\/10\/v-2048x1480-1-1024x740.png","contentUrl":"https:\/\/sincronis.com\/wp-content\/uploads\/2025\/10\/v-2048x1480-1-1024x740.png"},{"@type":"BreadcrumbList","@id":"https:\/\/sincronis.com\/es\/servicios\/#breadcrumb","itemListElement":[{"@type":"ListItem","position":1,"name":"Home","item":"https:\/\/sincronis.com\/es\/inicio\/"},{"@type":"ListItem","position":2,"name":"servicios"}]},{"@type":"WebSite","@id":"https:\/\/sincronis.com\/es\/#website","url":"https:\/\/sincronis.com\/es\/","name":"Sincronis","description":"","publisher":{"@id":"https:\/\/sincronis.com\/es\/#organization"},"potentialAction":[{"@type":"SearchAction","target":{"@type":"EntryPoint","urlTemplate":"https:\/\/sincronis.com\/es\/?s={search_term_string}"},"query-input":{"@type":"PropertyValueSpecification","valueRequired":true,"valueName":"search_term_string"}}],"inLanguage":"es"},{"@type":"Organization","@id":"https:\/\/sincronis.com\/es\/#organization","name":"Sincronis","url":"https:\/\/sincronis.com\/es\/","logo":{"@type":"ImageObject","inLanguage":"es","@id":"https:\/\/sincronis.com\/es\/#\/schema\/logo\/image\/","url":"https:\/\/sincronis.com\/wp-content\/uploads\/2025\/09\/cropped-LOGO_sincironis-scaled-1.png","contentUrl":"https:\/\/sincronis.com\/wp-content\/uploads\/2025\/09\/cropped-LOGO_sincironis-scaled-1.png","width":2560,"height":608,"caption":"Sincronis"},"image":{"@id":"https:\/\/sincronis.com\/es\/#\/schema\/logo\/image\/"}}]}},"_links":{"self":[{"href":"https:\/\/sincronis.com\/es\/wp-json\/wp\/v2\/pages\/2110","targetHints":{"allow":["GET"]}}],"collection":[{"href":"https:\/\/sincronis.com\/es\/wp-json\/wp\/v2\/pages"}],"about":[{"href":"https:\/\/sincronis.com\/es\/wp-json\/wp\/v2\/types\/page"}],"author":[{"embeddable":true,"href":"https:\/\/sincronis.com\/es\/wp-json\/wp\/v2\/users\/1"}],"replies":[{"embeddable":true,"href":"https:\/\/sincronis.com\/es\/wp-json\/wp\/v2\/comments?post=2110"}],"version-history":[{"count":3,"href":"https:\/\/sincronis.com\/es\/wp-json\/wp\/v2\/pages\/2110\/revisions"}],"predecessor-version":[{"id":2257,"href":"https:\/\/sincronis.com\/es\/wp-json\/wp\/v2\/pages\/2110\/revisions\/2257"}],"wp:attachment":[{"href":"https:\/\/sincronis.com\/es\/wp-json\/wp\/v2\/media?parent=2110"}],"curies":[{"name":"wp","href":"https:\/\/api.w.org\/{rel}","templated":true}]}}